{"id":9,"date":"2020-05-15T22:45:10","date_gmt":"2020-05-15T22:45:10","guid":{"rendered":"https:\/\/compst2025.wordpress.com\/?page_id=9"},"modified":"2020-05-15T22:45:10","modified_gmt":"2020-05-15T22:45:10","slug":"about","status":"publish","type":"page","link":"https:\/\/helia-jacinto.eu\/pt\/about\/","title":{"rendered":"Coordena\u00e7\u00e3o"},"content":{"rendered":"\n<div style=\"height:20px;\" aria-hidden=\"true\" class=\"wp-block-spacer\"><\/div>\n\n\n\n<div class=\"wp-block-jetpack-layout-grid alignfull column1-desktop-grid__span-12 column1-desktop-grid__row-1 column1-tablet-grid__span-8 column1-tablet-grid__row-1 column1-mobile-grid__span-4 column1-mobile-grid__row-1\">\n<div class=\"wp-block-jetpack-layout-grid-column wp-block-jetpack-layout-grid__padding-none\">\n<div class=\"wp-block-jetpack-layout-grid alignfull column1-desktop-grid__span-6 column1-desktop-grid__row-1 column2-desktop-grid__span-6 column2-desktop-grid__start-7 column2-desktop-grid__row-1 column1-tablet-grid__span-4 column1-tablet-grid__row-1 column2-tablet-grid__span-4 column2-tablet-grid__start-5 column2-tablet-grid__row-1 column1-mobile-grid__span-4 column1-mobile-grid__row-1 column2-mobile-grid__span-4 column2-mobile-grid__row-2\">\n<div class=\"wp-block-jetpack-layout-grid-column wp-block-jetpack-layout-grid__padding-none\">\n<div class=\"wp-block-image is-style-rounded\"><figure class=\"aligncenter size-thumbnail is-resized\"><img loading=\"lazy\" decoding=\"async\" src=\"https:\/\/compst2025.files.wordpress.com\/2020\/07\/helia_defesa_jardim-1.jpg?w=1024\" alt=\"\" class=\"wp-image-431\" width=\"256\" height=\"256\" \/><\/figure><\/div>\n<\/div>\n\n\n\n<div class=\"wp-block-jetpack-layout-grid-column wp-block-jetpack-layout-grid__padding-none\">\n<h2 class=\"wp-block-heading\">H\u00e9lia Jacinto<\/h2>\n\n\n\n<p class=\"has-small-font-size\">\u00c9 doutorada em Educa\u00e7\u00e3o, com especializa\u00e7\u00e3o em Educa\u00e7\u00e3o Matem\u00e1tica (IE-UL), mestre em Ci\u00eancias da Educa\u00e7\u00e3o, especializa\u00e7\u00e3o em Inform\u00e1tica Educacional (Universidade Cat\u00f3lica Portuguesa), e licenciada em Matem\u00e1tica (Universidade do Algarve).<\/p>\n\n\n\n<p class=\"has-small-font-size\">Atualmente, \u00e9 investigadora no Instituto de Educa\u00e7\u00e3o da Universidade de Lisboa (IE-UL).<\/p>\n<\/div>\n<\/div>\n\n\n\n<p class=\"has-small-font-size\">A sua atividade de investiga\u00e7\u00e3o debru\u00e7a-se sobre o uso de tecnologias digitais no ensino e aprendizagem da matem\u00e1tica, em particular na resolu\u00e7\u00e3o de problemas de matem\u00e1tica.<\/p>\n\n\n\n<p class=\"has-small-font-size\">Encontra-se a desenvolver este projeto de investiga\u00e7\u00e3o sobre resolu\u00e7\u00e3o colaborativa de problemas de matem\u00e1tica com tecnologias digitais ao abrigo de um Contrato de Est\u00edmulo ao Emprego Cient\u00edfico, financiado pela Funda\u00e7\u00e3o para a Ci\u00eancia e Tecnologia.<\/p>\n\n\n\n<p class=\"has-small-font-size\">Tem estado envolvida em diversas iniciativas de forma\u00e7\u00e3o de professores, de entre as quais se destacam o projeto&nbsp;<em><a href=\"http:\/\/aprenderamadeira.net\/cem-construindo-o-exito-em-matematica\/\">CEM: Construindo o \u00caxito em Matem\u00e1tica<\/a><\/em>&nbsp;(Regi\u00e3o Aut\u00f3noma da Madeira),&nbsp;<em><a href=\"https:\/\/www.dge.mec.pt\/plano-da-matematica-iihistorico\">Plano da Matem\u00e1tica II<\/a><\/em>&nbsp;e&nbsp;<em>Acompanhamento da Implementa\u00e7\u00e3o do PMEB<\/em>&nbsp;(Alentejo Litoral e Lisboa e Vale do Tejo). Como membro da Associa\u00e7\u00e3o de Professores de Matem\u00e1tica, colabora na comiss\u00e3o coordenadora do Grupo de Trabalho de Investiga\u00e7\u00e3o (GTI). \u00c9 subdiretora da <a rel=\"noreferrer noopener\" href=\"http:\/\/quadrante.apm.pt\/\" target=\"_blank\">Quadrante &#8211; Revista de Investiga\u00e7\u00e3o em Educa\u00e7\u00e3o Matem\u00e1tica<\/a>&nbsp;, uma das responsabilidades do GTI.<\/p>\n\n\n\n<p class=\"has-small-font-size\">Mais informa\u00e7\u00e3o em <a href=\"https:\/\/www.cienciavitae.pt\/portal\/7E1F-F5A0-3CFD\">https:\/\/www.cienciavitae.pt\/<\/a> ou em <a href=\"https:\/\/www.researchgate.net\/profile\/Helia_Jacinto\">https:\/\/www.researchgate.net\/profile\/Helia_Jacinto<\/a><\/p>\n\n\n\n<p class=\"has-white-color has-text-color\">.<\/p>\n\n\n\n<h1 class=\"wp-block-heading\">Colabora\u00e7\u00e3o<\/h1>\n<\/div>\n<\/div>\n\n\n\n<div class=\"wp-block-jetpack-layout-grid alignfull column1-desktop-grid__span-6 column1-desktop-grid__row-1 column2-desktop-grid__span-6 column2-desktop-grid__start-7 column2-desktop-grid__row-1 column1-tablet-grid__span-4 column1-tablet-grid__row-1 column2-tablet-grid__span-4 column2-tablet-grid__start-5 column2-tablet-grid__row-1 column1-mobile-grid__span-4 column1-mobile-grid__row-1 column2-mobile-grid__span-4 column2-mobile-grid__row-2\">\n<div class=\"wp-block-jetpack-layout-grid-column wp-block-jetpack-layout-grid__padding-none\">\n<div class=\"wp-block-image is-style-rounded\"><figure class=\"aligncenter size-large is-resized\"><img loading=\"lazy\" decoding=\"async\" src=\"https:\/\/compst2025.files.wordpress.com\/2020\/07\/susana.png?w=219\" alt=\"\" class=\"wp-image-426\" width=\"210\" height=\"275\" \/><\/figure><\/div>\n<\/div>\n\n\n\n<div class=\"wp-block-jetpack-layout-grid-column wp-block-jetpack-layout-grid__padding-none\">\n<h2 class=\"wp-block-heading\">Susana Carreira<\/h2>\n\n\n\n<p class=\"has-small-font-size\">\u00c9 doutorada em Educa\u00e7\u00e3o, na especialidade de Did\u00e1tica da Matem\u00e1tica, pela Faculdade de Ci\u00eancias da Universidade de Lisboa. \u00c9 Professora Associada da Faculdade de Ci\u00eancias e Tecnologia da Universidade do Algarve e Professora Associada Convidada do Instituto de Educa\u00e7\u00e3o da Universidade de Lisboa. \u00c9 investigadora da Unidade de Investiga\u00e7\u00e3o em Educa\u00e7\u00e3o e Forma\u00e7\u00e3o, do Instituto de Educa\u00e7\u00e3o da Universidade de Lisboa.<\/p>\n<\/div>\n<\/div>\n\n\n\n<p class=\"has-small-font-size\">O seu trabalho de investiga\u00e7\u00e3o abrange diferentes \u00e1reas no \u00e2mbito da Educa\u00e7\u00e3o Matem\u00e1tica, designadamente a resolu\u00e7\u00e3o de problemas de matem\u00e1tica, a utiliza\u00e7\u00e3o pedag\u00f3gica das tecnologias digitais, a modela\u00e7\u00e3o matem\u00e1tica, a criatividade matem\u00e1tica e o dom\u00ednio afetivo no ensino e aprendizagem da matem\u00e1tica. Tem coordenado e participado em projetos nacionais, destacando-se o projeto Problem@Web, assim como projetos internacionais com o Brasil e a Argentina. Desde h\u00e1 v\u00e1rios anos a sua atividade inclui a forma\u00e7\u00e3o de professores do ensino b\u00e1sico e secund\u00e1rio, bem com a supervis\u00e3o de estudantes de mestrado e doutoramento, em Portugal e no Brasil. <\/p>\n\n\n\n<p class=\"has-small-font-size\">Mais informa\u00e7\u00e3o em <a href=\"https:\/\/www.cienciavitae.pt\/portal\/471D-177C-9C31\">https:\/\/www.cienciavitae.pt\/<\/a> ou em <a href=\"https:\/\/www.researchgate.net\/profile\/Susana_Carreira\">https:\/\/www.researchgate.net\/profile\/Susana_Carreira<\/a><\/p>\n","protected":false},"excerpt":{"rendered":"<p>O seu trabalho de investiga\u00e7\u00e3o abrange diferentes \u00e1reas no \u00e2mbito da Educa\u00e7\u00e3o Matem\u00e1tica, designadamente a resolu\u00e7\u00e3o de problemas de matem\u00e1tica, a utiliza\u00e7\u00e3o pedag\u00f3gica das tecnologias digitais, a modela\u00e7\u00e3o matem\u00e1tica, a criatividade matem\u00e1tica e o dom\u00ednio afetivo no ensino e aprendizagem da matem\u00e1tica. Tem coordenado e participado em projetos nacionais, destacando-se o projeto Problem@Web, assim como [&hellip;]<\/p>\n","protected":false},"author":1,"featured_media":0,"parent":0,"menu_order":0,"comment_status":"closed","ping_status":"closed","template":"","meta":{"_monsterinsights_skip_tracking":false,"_monsterinsights_sitenote_active":false,"_monsterinsights_sitenote_note":"","_monsterinsights_sitenote_category":0,"footnotes":""},"class_list":["post-9","page","type-page","status-publish","hentry"],"_links":{"self":[{"href":"https:\/\/helia-jacinto.eu\/pt\/wp-json\/wp\/v2\/pages\/9","targetHints":{"allow":["GET"]}}],"collection":[{"href":"https:\/\/helia-jacinto.eu\/pt\/wp-json\/wp\/v2\/pages"}],"about":[{"href":"https:\/\/helia-jacinto.eu\/pt\/wp-json\/wp\/v2\/types\/page"}],"author":[{"embeddable":true,"href":"https:\/\/helia-jacinto.eu\/pt\/wp-json\/wp\/v2\/users\/1"}],"replies":[{"embeddable":true,"href":"https:\/\/helia-jacinto.eu\/pt\/wp-json\/wp\/v2\/comments?post=9"}],"version-history":[{"count":0,"href":"https:\/\/helia-jacinto.eu\/pt\/wp-json\/wp\/v2\/pages\/9\/revisions"}],"wp:attachment":[{"href":"https:\/\/helia-jacinto.eu\/pt\/wp-json\/wp\/v2\/media?parent=9"}],"curies":[{"name":"wp","href":"https:\/\/api.w.org\/{rel}","templated":true}]}}