{"id":2,"date":"2020-02-13T17:10:32","date_gmt":"2020-02-13T17:10:32","guid":{"rendered":"http:\/\/helia-jacinto.eu\/?page_id=2"},"modified":"2020-02-14T11:26:24","modified_gmt":"2020-02-14T11:26:24","slug":"sample-page","status":"publish","type":"page","link":"https:\/\/helia-jacinto.eu\/pt\/","title":{"rendered":"bio"},"content":{"rendered":"\n<h3 class=\"wp-block-heading\"> posi\u00e7\u00e3o atual <\/h3>\n\n\n\n<p>Sou atualmente investigadora doutorada no <a href=\"http:\/\/www.ie.ulisboa.pt\/\">Instituto de Educa\u00e7\u00e3o<\/a>, <a href=\"https:\/\/www.ulisboa.pt\/\">Universidade de Lisboa<\/a>, e professora de matem\u00e1tica do 3\u00ba ciclo e secund\u00e1rio em licen\u00e7a. <\/p>\n\n\n\n<p>Os meus interesses de investiga\u00e7\u00e3o focam-se atualmente na atividade de resolu\u00e7\u00e3o de problemas de matem\u00e1tica com tecnologias digitais, em ambientes para al\u00e9m da sala da aula. <\/p>\n\n\n\n<p><\/p>\n","protected":false},"excerpt":{"rendered":"<p>posi\u00e7\u00e3o atual Sou atualmente investigadora doutorada no Instituto de Educa\u00e7\u00e3o, Universidade de Lisboa, e professora de matem\u00e1tica do 3\u00ba ciclo e secund\u00e1rio em licen\u00e7a. Os meus interesses de investiga\u00e7\u00e3o focam-se atualmente na atividade de resolu\u00e7\u00e3o de problemas de matem\u00e1tica com tecnologias digitais, em ambientes para al\u00e9m da sala da aula.<\/p>\n","protected":false},"author":1,"featured_media":0,"parent":0,"menu_order":0,"comment_status":"closed","ping_status":"open","template":"","meta":{"_monsterinsights_skip_tracking":false,"_monsterinsights_sitenote_active":false,"_monsterinsights_sitenote_note":"","_monsterinsights_sitenote_category":0,"footnotes":""},"class_list":["post-2","page","type-page","status-publish","hentry"],"_links":{"self":[{"href":"https:\/\/helia-jacinto.eu\/pt\/wp-json\/wp\/v2\/pages\/2","targetHints":{"allow":["GET"]}}],"collection":[{"href":"https:\/\/helia-jacinto.eu\/pt\/wp-json\/wp\/v2\/pages"}],"about":[{"href":"https:\/\/helia-jacinto.eu\/pt\/wp-json\/wp\/v2\/types\/page"}],"author":[{"embeddable":true,"href":"https:\/\/helia-jacinto.eu\/pt\/wp-json\/wp\/v2\/users\/1"}],"replies":[{"embeddable":true,"href":"https:\/\/helia-jacinto.eu\/pt\/wp-json\/wp\/v2\/comments?post=2"}],"version-history":[{"count":2,"href":"https:\/\/helia-jacinto.eu\/pt\/wp-json\/wp\/v2\/pages\/2\/revisions"}],"predecessor-version":[{"id":16,"href":"https:\/\/helia-jacinto.eu\/pt\/wp-json\/wp\/v2\/pages\/2\/revisions\/16"}],"wp:attachment":[{"href":"https:\/\/helia-jacinto.eu\/pt\/wp-json\/wp\/v2\/media?parent=2"}],"curies":[{"name":"wp","href":"https:\/\/api.w.org\/{rel}","templated":true}]}}